{"id":56,"date":"2017-11-30T11:06:15","date_gmt":"2017-11-30T11:06:15","guid":{"rendered":"http:\/\/test.freie-schule.info\/?page_id=56"},"modified":"2025-03-05T21:41:54","modified_gmt":"2025-03-05T20:41:54","slug":"impressum","status":"publish","type":"page","link":"https:\/\/freie-schule.info\/home\/impressum\/","title":{"rendered":"Impressum"},"content":{"rendered":"<p>[et_pb_section fb_built=&#8220;1&#8243; _builder_version=&#8220;4.16&#8243; global_colors_info=&#8220;{}&#8220;][et_pb_row _builder_version=&#8220;4.16&#8243; background_size=&#8220;initial&#8220; background_position=&#8220;top_left&#8220; background_repeat=&#8220;repeat&#8220; global_colors_info=&#8220;{}&#8220;][et_pb_column type=&#8220;4_4&#8243; _builder_version=&#8220;4.16&#8243; custom_padding=&#8220;|||&#8220; global_colors_info=&#8220;{}&#8220; custom_padding__hover=&#8220;|||&#8220;][et_pb_text _builder_version=&#8220;4.27.4&#8243; hover_enabled=&#8220;0&#8243; global_colors_info=&#8220;{}&#8220; sticky_enabled=&#8220;0&#8243;]<\/p>\n<p>Impressum \/ Anbieterkennzeichnung nach Telemediengesetz:<\/p>\n<p>Freie Schule Tecklenburger Land<br \/>FSTL GmbH<br \/>Wilhelmstra\u00dfe 243<br \/>49479 Ibbenb\u00fcren<\/p>\n<p>Tel. 05451\/5429150<br \/><a href=\"javascript:secureDecryptAndNavigate('DejKdKns\/C3angtE+TSAeTsg0zWYCvtvitG5vvxRj2nXyaxYdf6ebAfT6QurEQYmrzwO1qbhsEhsLsBtWiJ77TgUTyGv29PE2d1g6c0djt\/b+tSP', 'fb3f936b288a1c930ad8e97437943aa0daeccdb0db3b6aa93c0b9c9189e60b1d')\">E-Mail<\/a><\/p>\n<p>Amtsgericht Ibbenb\u00fcren, HBR. Nr. 8918<br \/>GF: Anna Bietmann<\/p>\n<p>Haftungsausschluss:<\/p>\n<p>Die FSTL GmbH hat die Informationen auf dieser Website mit gr\u00f6\u00dftm\u00f6glicher Sorgfalt zusammengestellt. Dennoch \u00fcbernimmt die FSTL GmbH keinerlei Gew\u00e4hr f\u00fcr die Aktualit\u00e4t, Korrektheit, Vollst\u00e4ndigkeit oder Qualit\u00e4t der bereitgestellten Informationen und Daten.<\/p>\n<p>Daher sind Haftungsanspr\u00fcche gegen die FSTL GmbH und gegen die Freie Schule Tecklenburger Land die Verantwortlichen dieser Website oder die Autoren der jeweiligen Artikel f\u00fcr Sch\u00e4den materieller oder immaterieller Art, die auf m\u00f6glicherweise fehlerhaften<br \/>Teile der Seiten oder das gesamte Angebot ohne gesonderte Ank\u00fcndigung zu ver\u00e4ndern, zu erg\u00e4nzen, zu l\u00f6schen oder die Ver\u00f6ffentlichung zeitweise oder endg\u00fcltig einzustellen.<br \/>Dies gilt auch f\u00fcr Informationen auf Websites, auf die mittels eines Hyperlinks verwiesen wird. Der Inhalt dieser Websites liegt vollst\u00e4ndig au\u00dferhalb des Verantwortungsbereichs der FSTL GmbH.<br \/>Zum Zeitpunkt der Verlinkung war der Inhalt jedoch frei von illegalen Inhalten. Auf die Gestaltung der gelinkten Websites kann die FSTL GmbH keinerlei Einfluss nehmen. F\u00fcr Sch\u00e4den, die aus fehlerhaften oder unvollst\u00e4ndigen Inhalten auf den mittels Link verwiesenen Websites resultieren, haftet die FSTL GmbH, die Verantwortlichen dieser Website bzw. die Autoren nicht.<br \/>4. Datenschutz<br \/>Sofern innerhalb des Internetangebotes die M\u00f6glichkeit zur Eingabe pers\u00f6nlicher oder gesch\u00e4ftlicher Daten (Emailadressen, Namen, Anschriften) besteht, so erfolgt die Preisgabe dieser Daten seitens des Nutzers auf ausdr\u00fccklich freiwilliger Basis. Die Inanspruchnahme aller angebotenen Dienste ist &#8211; soweit technisch m\u00f6glich und zumutbar &#8211; auch ohne Angabe solcher Daten bzw. unter Angabe anonymisierter Daten oder eines Pseudonyms gestattet.<br \/>5. Rechtswirksamkeit dieses Haftungsausschlusses<br \/>Sofern Teile oder einzelne Formulierungen dieses Textes der geltenden Rechtslage nicht, nicht mehr oder nicht vollst\u00e4ndig entsprechen sollten, bleiben die \u00fcbrigen Teile des Dokumentes in ihrem Inhalt und ihrer G\u00fcltigkeit davon unber\u00fchrt.<\/p>\n<p>[\/et_pb_text][\/et_pb_column][\/et_pb_row][\/et_pb_section]<\/p>\n","protected":false},"excerpt":{"rendered":"<p>Impressum \/ Anbieterkennzeichnung nach Telemediengesetz: Freie Schule Tecklenburger LandFSTL GmbHWilhelmstra\u00dfe 24349479 Ibbenb\u00fcren Tel. 05451\/E-Mail Amtsgericht Ibbenb\u00fcren, HBR. Nr. 8918GF: Anna Bietmann Haftungsausschluss: Die FSTL GmbH hat die Informationen auf dieser Website mit gr\u00f6\u00dftm\u00f6glicher Sorgfalt zusammengestellt. Dennoch \u00fcbernimmt die FSTL GmbH keinerlei Gew\u00e4hr f\u00fcr die Aktualit\u00e4t, Korrektheit, Vollst\u00e4ndigkeit oder Qualit\u00e4t der bereitgestellten Informationen und Daten. Daher [&hellip;]<\/p>\n","protected":false},"author":1,"featured_media":0,"parent":0,"menu_order":0,"comment_status":"closed","ping_status":"closed","template":"","meta":{"_et_pb_use_builder":"on","_et_pb_old_content":"<p>Impressum \/ Anbieterkennzeichnung nach Telemediengesetz:<\/p><p>Freie Schule Tecklenburger Land<br \/> FSTL GmbH<br \/> Wilhelmstra\u00dfe 243<br \/> 49479 Ibbenb\u00fcren<\/p><p>Tel. 05451\/5429150<br \/> <a href=\"mailto:sekretariat@freie-schule.info\">sekretariat@freie-schule.info<\/a><\/p><p>Amtsgericht Ibbenb\u00fcren, HBR. Nr. 8918<br \/> GF: Susanne Fr\u00f6mel, Laura Vollmann<\/p><p>Haftungsausschluss:<\/p><p>Die FSTL GmbH hat die Informationen auf dieser Website mit gr\u00f6\u00dftm\u00f6glicher Sorgfalt zusammengestellt. Dennoch \u00fcbernimmt die FSTL GmbH keinerlei Gew\u00e4hr f\u00fcr die Aktualit\u00e4t, Korrektheit, Vollst\u00e4ndigkeit oder Qualit\u00e4t der bereitgestellten Informationen und Daten.<\/p><p>Daher sind Haftungsanspr\u00fcche gegen die FSTL GmbH und gegen die Freie Schule Tecklenburger Land die Verantwortlichen dieser Website oder die Autoren der jeweiligen Artikel f\u00fcr Sch\u00e4den materieller oder immaterieller Art, die auf m\u00f6glicherweise fehlerhaften<br \/> Teile der Seiten oder das gesamte Angebot ohne gesonderte Ank\u00fcndigung zu ver\u00e4ndern, zu erg\u00e4nzen, zu l\u00f6schen oder die Ver\u00f6ffentlichung zeitweise oder endg\u00fcltig einzustellen.<br \/> Dies gilt auch f\u00fcr Informationen auf Websites, auf die mittels eines Hyperlinks verwiesen wird. Der Inhalt dieser Websites liegt vollst\u00e4ndig au\u00dferhalb des Verantwortungsbereichs der FSTL GmbH.<br \/> Zum Zeitpunkt der Verlinkung war der Inhalt jedoch frei von illegalen Inhalten. Auf die Gestaltung der gelinkten Websites kann die FSTL GmbH keinerlei Einfluss nehmen. F\u00fcr Sch\u00e4den, die aus fehlerhaften oder unvollst\u00e4ndigen Inhalten auf den mittels Link verwiesenen Websites resultieren, haftet die FSTL GmbH, die Verantwortlichen dieser Website bzw. die Autoren nicht.<br \/> 4. Datenschutz<br \/> Sofern innerhalb des Internetangebotes die M\u00f6glichkeit zur Eingabe pers\u00f6nlicher oder gesch\u00e4ftlicher Daten (Emailadressen, Namen, Anschriften) besteht, so erfolgt die Preisgabe dieser Daten seitens des Nutzers auf ausdr\u00fccklich freiwilliger Basis. Die Inanspruchnahme aller angebotenen Dienste ist - soweit technisch m\u00f6glich und zumutbar - auch ohne Angabe solcher Daten bzw. unter Angabe anonymisierter Daten oder eines Pseudonyms gestattet.<br \/> 5. Rechtswirksamkeit dieses Haftungsausschlusses<br \/> Sofern Teile oder einzelne Formulierungen dieses Textes der geltenden Rechtslage nicht, nicht mehr oder nicht vollst\u00e4ndig entsprechen sollten, bleiben die \u00fcbrigen Teile des Dokumentes in ihrem Inhalt und ihrer G\u00fcltigkeit davon unber\u00fchrt.<\/p>","_et_gb_content_width":"","footnotes":""},"class_list":["post-56","page","type-page","status-publish","hentry"],"_links":{"self":[{"href":"https:\/\/freie-schule.info\/home\/wp-json\/wp\/v2\/pages\/56","targetHints":{"allow":["GET"]}}],"collection":[{"href":"https:\/\/freie-schule.info\/home\/wp-json\/wp\/v2\/pages"}],"about":[{"href":"https:\/\/freie-schule.info\/home\/wp-json\/wp\/v2\/types\/page"}],"author":[{"embeddable":true,"href":"https:\/\/freie-schule.info\/home\/wp-json\/wp\/v2\/users\/1"}],"replies":[{"embeddable":true,"href":"https:\/\/freie-schule.info\/home\/wp-json\/wp\/v2\/comments?post=56"}],"version-history":[{"count":2,"href":"https:\/\/freie-schule.info\/home\/wp-json\/wp\/v2\/pages\/56\/revisions"}],"predecessor-version":[{"id":53631,"href":"https:\/\/freie-schule.info\/home\/wp-json\/wp\/v2\/pages\/56\/revisions\/53631"}],"wp:attachment":[{"href":"https:\/\/freie-schule.info\/home\/wp-json\/wp\/v2\/media?parent=56"}],"curies":[{"name":"wp","href":"https:\/\/api.w.org\/{rel}","templated":true}]}}