{"id":51790,"date":"2019-01-21T21:56:44","date_gmt":"2019-01-21T20:56:44","guid":{"rendered":"https:\/\/freie-schule.info\/home\/?page_id=51790"},"modified":"2026-05-15T20:40:07","modified_gmt":"2026-05-15T19:40:07","slug":"elternrat","status":"publish","type":"page","link":"https:\/\/freie-schule.info\/home\/elternrat\/","title":{"rendered":"Elternrat"},"content":{"rendered":"<div class=\"et_d4_element et_pb_section et_pb_section_0 et_animated et_pb_section_parallax et_pb_with_background  et_pb_css_mix_blend_mode et_section_regular et_block_section\" >\n\t\t\t\t\n\t\t\t\t<span class=\"et_parallax_bg_wrap et-pb-parallax-wrapper\"><span\n\t\t\t\t\t\tclass=\"et_parallax_bg et_pb_parallax_css et_parallax_bg--et_pb_section_0\"\n\t\t\t\t\t\tstyle=\"background-image: url(https:\/\/freie-schule.info\/wp-content\/uploads\/2019\/01\/fstl_13_000967_HD.jpg);\"\n\t\t\t\t\t><\/span><span\n\t\t\t\t\t\tclass=\"et_parallax_gradient et_pb_parallax_css\"\n\t\t\t\t\t\tstyle=\"background-image: linear-gradient( , #000000 0%, rgba(0,0,0,0) 100% );\"\n\t\t\t\t\t><\/span><\/span>\n\t\t\t\t\n\t\t\t\t\n\t\t\t\t\n\t\t\t\t\n\t\t\t\t<div class=\"et_d4_element et_pb_row et_pb_row_0  et_pb_css_mix_blend_mode et_block_row\">\n\t\t\t\t<div class=\"et_d4_element et_pb_column_4_4 et_pb_column et_pb_column_0  et_pb_css_mix_blend_mode et-last-child et_block_column\">\n\t\t\t\t\n\t\t\t\t\n\t\t\t\t\n\t\t\t\t\n\t\t\t\t<div class=\"et_pb_module et_d4_element et_pb_text et_pb_text_0 et_animated  et_pb_text_align_left et_pb_bg_layout_dark\">\n\t\t\t\t\n\t\t\t\t\n\t\t\t\t\n\t\t\t\t\n\t\t\t\t<div class=\"et_pb_text_inner\"><h2 style=\"text-align: left;\">Der Elternrat der Freien Schule<\/h2>\n<p style=\"text-align: left;\"><span>- hat ein offenes Ohr f\u00fcr Ideen, Vorschl\u00e4ge oder auch Sorgen der Eltern<\/span><\/p>\n<p style=\"text-align: left;\"><span>- ist eine m\u00f6gliche \"Br\u00fccke\" zu den anderen Gremien der Schule<\/span><\/p>\n<p style=\"text-align: left;\"><span>- vertritt die Interessen der Eltern in dem wichtigsten Entscheidungsgremium der Schule: der Schulkonferenz<\/span><\/p>\n<p style=\"text-align: left;\"><span>- organisiert die Elterntreffen in der Primar- und Sekundarstufe<\/span><\/p>\n<p style=\"text-align: left;\"><span>- ist regelm\u00e4\u00dfig im Austausch mit Vorstand und Gesch\u00e4ftsf\u00fchrung<\/span><\/p>\n<p style=\"text-align: left;\"><span>- und macht mit viel Spa\u00df und aus \u00dcberzeugung noch einiges mehr.<\/span><\/p><\/div>\n\t\t\t<\/div><div class=\"et_pb_module et_d4_element et_pb_text et_pb_text_1 et_animated  et_pb_text_align_left et_pb_bg_layout_dark\">\n\t\t\t\t\n\t\t\t\t\n\t\t\t\t\n\t\t\t\t\n\t\t\t\t<div class=\"et_pb_text_inner\"><p><strong>Grundschule<\/strong><\/p>\n<p>Nancy Auweiler<br \/>Denise Janzen<br \/>Oxana Justus<br \/>Carleen Thierbach<\/p>\n<p>&nbsp;<\/p>\n<p><strong>Gesamtschule<\/strong><\/p>\n<p>Tanja Grote-Br\u00fcggemann<br \/>Sabine Dombdera<br \/>Barbara Richter<br \/>Nadine Smits<br \/>Monika Wolf<\/p>\n<p>Bei Fragen, Anregungen oder Unklarheiten, schreibt uns gerne eine <a href=\"javascript:secureDecryptAndNavigate('uw8SUoyrrmels4ljKZ5Lr59Tci0fm8H3j7Fr0GUKJCNtj9dNpHfXPUDU38JOTyjwwDCnKIa1cRrsW1f0tRCl5afx6xuf7H3hgU97h4oTKjrOdQ==', 'fb3f936b288a1c930ad8e97437943aa0daeccdb0db3b6aa93c0b9c9189e60b1d')\">E-Mail<\/a><\/p><\/div>\n\t\t\t<\/div>\n\t\t\t<\/div>\n\t\t\t\t\n\t\t\t\t\n\t\t\t\t\n\t\t\t\t\n\t\t\t<\/div>\n\t\t\t\t\n\t\t\t\t\n\t\t\t<\/div>\n","protected":false},"excerpt":{"rendered":"","protected":false},"author":1,"featured_media":0,"parent":0,"menu_order":0,"comment_status":"closed","ping_status":"closed","template":"","meta":{"_et_pb_use_builder":"on","_et_pb_old_content":"","_et_gb_content_width":"","footnotes":""},"class_list":["post-51790","page","type-page","status-publish","hentry"],"_links":{"self":[{"href":"https:\/\/freie-schule.info\/home\/wp-json\/wp\/v2\/pages\/51790","targetHints":{"allow":["GET"]}}],"collection":[{"href":"https:\/\/freie-schule.info\/home\/wp-json\/wp\/v2\/pages"}],"about":[{"href":"https:\/\/freie-schule.info\/home\/wp-json\/wp\/v2\/types\/page"}],"author":[{"embeddable":true,"href":"https:\/\/freie-schule.info\/home\/wp-json\/wp\/v2\/users\/1"}],"replies":[{"embeddable":true,"href":"https:\/\/freie-schule.info\/home\/wp-json\/wp\/v2\/comments?post=51790"}],"version-history":[{"count":4,"href":"https:\/\/freie-schule.info\/home\/wp-json\/wp\/v2\/pages\/51790\/revisions"}],"predecessor-version":[{"id":53770,"href":"https:\/\/freie-schule.info\/home\/wp-json\/wp\/v2\/pages\/51790\/revisions\/53770"}],"wp:attachment":[{"href":"https:\/\/freie-schule.info\/home\/wp-json\/wp\/v2\/media?parent=51790"}],"curies":[{"name":"wp","href":"https:\/\/api.w.org\/{rel}","templated":true}]}}