{"id":51517,"date":"2018-02-13T14:06:20","date_gmt":"2018-02-13T13:06:20","guid":{"rendered":"https:\/\/freie-schule.info\/home\/?page_id=51517"},"modified":"2025-01-08T21:55:21","modified_gmt":"2025-01-08T20:55:21","slug":"aufnahmeverfahren","status":"publish","type":"page","link":"https:\/\/freie-schule.info\/home\/aufnahmeverfahren\/","title":{"rendered":"Aufnahmeverfahren"},"content":{"rendered":"<p>[et_pb_section fb_built=&#8220;1&#8243; admin_label=&#8220;Hero Section&#8220; _builder_version=&#8220;4.19.4&#8243; background_enable_color=&#8220;off&#8220; background_image=&#8220;https:\/\/freie-schule.info\/wp-content\/uploads\/2018\/02\/fstl_13_002111_HD.jpg&#8220; background_enable_mask_style=&#8220;on&#8220; background_mask_color=&#8220;#FFFFFF&#8220; background_mask_transform=&#8220;flip_vertical|flip_horizontal&#8220; background_mask_blend_mode=&#8220;saturation&#8220; custom_margin=&#8220;|||&#8220; custom_padding=&#8220;91px||91px||true|false&#8220; animation_style=&#8220;fade&#8220; global_colors_info=&#8220;{}&#8220;][et_pb_row admin_label=&#8220;Text Area&#8220; _builder_version=&#8220;4.19.4&#8243; background_color=&#8220;rgba(224,153,0,0.76)&#8220; max_width=&#8220;700px&#8220; custom_padding=&#8220;30px|30px|30px|30px|true|true&#8220; border_radii=&#8220;on|10px|10px|10px|10px&#8220; use_custom_width=&#8220;on&#8220; custom_width_px=&#8220;700px&#8220; global_colors_info=&#8220;{}&#8220; custom_margin=&#8220;|auto|31px|auto||&#8220;][et_pb_column type=&#8220;4_4&#8243; _builder_version=&#8220;4.16&#8243; custom_padding=&#8220;|||&#8220; global_colors_info=&#8220;{}&#8220; custom_padding__hover=&#8220;|||&#8220;][et_pb_text admin_label=&#8220;Title&#8220; _builder_version=&#8220;4.27.4&#8243; text_font=&#8220;||||||||&#8220; header_font=&#8220;||||||||&#8220; header_text_color=&#8220;#ffffff&#8220; header_2_font=&#8220;Nunito||||||||&#8220; header_2_text_align=&#8220;center&#8220; header_2_text_color=&#8220;#ffffff&#8220; header_2_font_size=&#8220;36px&#8220; header_2_line_height=&#8220;1.4em&#8220; background_layout=&#8220;dark&#8220; custom_margin=&#8220;||5px|&#8220; animation_style=&#8220;fold&#8220; animation_direction=&#8220;bottom&#8220; animation_intensity_fold=&#8220;20%&#8220; animation_starting_opacity=&#8220;100%&#8220; hover_enabled=&#8220;0&#8243; global_colors_info=&#8220;{}&#8220; sticky_enabled=&#8220;0&#8243;]<\/p>\n<h2>Grundschule und Gesamtschule mit Oberstufe<\/h2>\n<p>[\/et_pb_text][et_pb_text _builder_version=&#8220;4.27.4&#8243; text_font=&#8220;||||||||&#8220; text_font_size=&#8220;15px&#8220; link_font=&#8220;|600|||||||&#8220; link_text_color=&#8220;#0570c1&#8243; background_layout=&#8220;dark&#8220; custom_padding=&#8220;0px|||||&#8220; animation_style=&#8220;fold&#8220; animation_direction=&#8220;bottom&#8220; animation_intensity_fold=&#8220;20%&#8220; animation_starting_opacity=&#8220;100%&#8220; hover_enabled=&#8220;0&#8243; global_colors_info=&#8220;{}&#8220; sticky_enabled=&#8220;0&#8243;]<\/p>\n<p>Wir sind eine reformp\u00e4dagogische Schule, die aus einer Grundschule der Jahrg\u00e4nge 1-4 und einer Gesamtschule mit der Sekundarstufe I (Jg. 5-10) und der <a href=\"https:\/\/freie-schule.info\/home\/lernen-in-der-oberstufe\/\"><span color:=\"\" 0c71c3=\"\"> Oberstufe (Jg. 11-13, davon aktuell 11 und 12 vorhanden)<\/span><\/a> besteht.<br \/>Wir bieten alle Abschl\u00fcsse der Sekundarstufe I an und werden ab 2026 unsere ersten Sch\u00fcler*innen mit dem Abitur verabschieden. In einer sehr famili\u00e4ren Atmosph\u00e4re von maximal 20 Sch\u00fcler*innen pro Jahrgang in der Grundschule, maximal ca. 25 pro Jahrgang in der Sekundarstufe I bzw. maximal 12-15 in der Oberstufe kann an unserer Schule ein alternativer Weg zum regul\u00e4ren EESA (Hauptschulabschluss), MSA (Realschulabschluss) oder zum Abitur gegangen werden. Interessierte Sch\u00fcler*innen und Eltern (Oberstufe, Sek. I oder Grundschule) schreiben bitte eine <a href=\"javascript:secureDecryptAndNavigate('eln5oShQs9rLJO\/MYm0poWbOjcROHJGAOdGQTlpwPudr7XmmYeid6dgzPqA18hi3QUq+dxzMJyc9YHZGqf\/bp47gid+GKNsWoi+ZxMixgV12kA==', 'fb3f936b288a1c930ad8e97437943aa0daeccdb0db3b6aa93c0b9c9189e60b1d')\">E-Mail<\/a>. Der erste unverbindliche Schritt zur Anmeldung ist der Besuch eines Infoabendes. Weiteres kann in einem pers\u00f6nlichen Gespr\u00e4ch gekl\u00e4rt werden.<\/p>\n<p>[\/et_pb_text][et_pb_text _builder_version=&#8220;4.16&#8243; text_font=&#8220;||||||||&#8220; text_font_size=&#8220;15px&#8220; text_line_height=&#8220;1.8em&#8220; animation_style=&#8220;fold&#8220; animation_direction=&#8220;bottom&#8220; animation_intensity_fold=&#8220;20%&#8220; animation_starting_opacity=&#8220;100%&#8220; global_colors_info=&#8220;{}&#8220;][\/et_pb_text][\/et_pb_column][\/et_pb_row][et_pb_row admin_label=&#8220;Text Area&#8220; _builder_version=&#8220;4.19.4&#8243; background_color=&#8220;rgba(224,153,0,0.76)&#8220; max_width=&#8220;700px&#8220; custom_padding=&#8220;30px|30px|30px|30px|true|true&#8220; border_radii=&#8220;on|10px|10px|10px|10px&#8220; use_custom_width=&#8220;on&#8220; custom_width_px=&#8220;700px&#8220; global_colors_info=&#8220;{}&#8220;][et_pb_column type=&#8220;4_4&#8243; _builder_version=&#8220;4.16&#8243; custom_padding=&#8220;|||&#8220; global_colors_info=&#8220;{}&#8220; custom_padding__hover=&#8220;|||&#8220;][et_pb_text admin_label=&#8220;Title&#8220; _builder_version=&#8220;4.16&#8243; text_font=&#8220;||||||||&#8220; header_font=&#8220;||||||||&#8220; header_text_color=&#8220;#ffffff&#8220; header_2_font=&#8220;Nunito||||||||&#8220; header_2_text_align=&#8220;center&#8220; header_2_text_color=&#8220;#ffffff&#8220; header_2_font_size=&#8220;36px&#8220; header_2_line_height=&#8220;1.4em&#8220; background_layout=&#8220;dark&#8220; custom_margin=&#8220;||5px|&#8220; animation_style=&#8220;fold&#8220; animation_direction=&#8220;bottom&#8220; animation_intensity_fold=&#8220;20%&#8220; animation_starting_opacity=&#8220;100%&#8220; global_colors_info=&#8220;{}&#8220;]<\/p>\n<h2>Ablauf der Aufnahme an der Freien Schule:<\/h2>\n<p>[\/et_pb_text][et_pb_text _builder_version=&#8220;4.18.0&#8243; text_font=&#8220;||||||||&#8220; text_font_size=&#8220;15px&#8220; link_font=&#8220;|600|||||||&#8220; link_text_color=&#8220;#0570c1&#8243; background_layout=&#8220;dark&#8220; custom_padding=&#8220;0px|||||&#8220; animation_style=&#8220;fold&#8220; animation_direction=&#8220;bottom&#8220; animation_intensity_fold=&#8220;20%&#8220; animation_starting_opacity=&#8220;100%&#8220; global_colors_info=&#8220;{}&#8220;]<\/p>\n<p>Gerne k\u00f6nnt ihr euch jederzeit per \u00a0<a href=\"javascript:secureDecryptAndNavigate('wTPC6FhyzMYWWCel+TO4OhLOrObqlpFFhWR5dFkQJyzA5wKHPTHKey\/CdQQKopWLe1jbpXyC1RTACW9yeXFF1X7m9iEEgiNdzNRlEPKRNtc3yg==', 'fb3f936b288a1c930ad8e97437943aa0daeccdb0db3b6aa93c0b9c9189e60b1d')\">E-Mail<\/a> oder telefonisch im Sekretariat melden, damit wir euch an zum n\u00e4chsten Infoabend einladen k\u00f6nnen.<\/p>\n<p>1. Besuch des <strong>Infoabends<\/strong> f\u00fcr interessierte Eltern. Termine findet ihr <a href=\"https:\/\/freie-schule.info\/home\/termine\/\">hier<\/a>. Interessierte f\u00fcr die Primarstufe (Einschulung im Sommer des darauffolgenden Schuljahres) sollten m\u00f6glichst zum ersten oder zweiten Infoabend im Herbst kommen. Interessierte f\u00fcr die Sekundarstufe sollten m\u00f6glichst sp\u00e4testens bis zum Januar vor der Aufnahme zum Infoabend kommen. Wenn danach noch freie Pl\u00e4tze vorhanden sind, k\u00f6nnt ihr euer Kind aber auch danach noch anmelden<\/p>\n<p>2. <strong>Aufnahmegespr\u00e4ch<\/strong>, in der Regel mit Eltern, Kind und der Schulleitung<\/p>\n<p>3. <strong>Hospitation<\/strong> an unserer Schule. Damit ihr ein Gef\u00fchl f\u00fcr die Schule bekommt und wir euer Kind kennenlernen, laden wir euch zur einer Hospitation ein &#8211; euer Kind zwei Tage und davon in der Regel ein Tag mit euch Eltern<\/p>\n<p>4. <strong>R\u00fcckmeldung der Eltern an die Schule.<\/strong><\/p>\n<p>5. <strong>Gespr\u00e4ch \u00fcber die finanzielle Beteiligung<\/strong> der Eltern und die Elternstunden<\/p>\n<p>6. <strong>Vertragsabschluss<\/strong><\/p>\n<p>Wenn ihr Fragen habt, meldet euch beim Sekretariat. Wir freuen uns!<\/p>\n<p>[\/et_pb_text][et_pb_text _builder_version=&#8220;4.16&#8243; text_font=&#8220;||||||||&#8220; text_font_size=&#8220;15px&#8220; text_line_height=&#8220;1.8em&#8220; animation_style=&#8220;fold&#8220; animation_direction=&#8220;bottom&#8220; animation_intensity_fold=&#8220;20%&#8220; animation_starting_opacity=&#8220;100%&#8220; global_colors_info=&#8220;{}&#8220;][\/et_pb_text][\/et_pb_column][\/et_pb_row][\/et_pb_section]<\/p>\n","protected":false},"excerpt":{"rendered":"<p>Grundschule und Gesamtschule mit OberstufeWir sind eine reformp\u00e4dagogische Schule, die aus einer Grundschule der Jahrg\u00e4nge 1-4 und einer Gesamtschule mit der Sekundarstufe I (Jg. 5-10) und der Oberstufe (Jg. 11-13, davon aktuell 11 und 12 vorhanden) besteht.Wir bieten alle Abschl\u00fcsse der Sekundarstufe I an und werden ab 2026 unsere ersten Sch\u00fcler*innen mit dem Abitur verabschieden. [&hellip;]<\/p>\n","protected":false},"author":1,"featured_media":0,"parent":0,"menu_order":0,"comment_status":"closed","ping_status":"closed","template":"","meta":{"_et_pb_use_builder":"on","_et_pb_old_content":"","_et_gb_content_width":"","footnotes":""},"class_list":["post-51517","page","type-page","status-publish","hentry"],"_links":{"self":[{"href":"https:\/\/freie-schule.info\/home\/wp-json\/wp\/v2\/pages\/51517","targetHints":{"allow":["GET"]}}],"collection":[{"href":"https:\/\/freie-schule.info\/home\/wp-json\/wp\/v2\/pages"}],"about":[{"href":"https:\/\/freie-schule.info\/home\/wp-json\/wp\/v2\/types\/page"}],"author":[{"embeddable":true,"href":"https:\/\/freie-schule.info\/home\/wp-json\/wp\/v2\/users\/1"}],"replies":[{"embeddable":true,"href":"https:\/\/freie-schule.info\/home\/wp-json\/wp\/v2\/comments?post=51517"}],"version-history":[{"count":12,"href":"https:\/\/freie-schule.info\/home\/wp-json\/wp\/v2\/pages\/51517\/revisions"}],"predecessor-version":[{"id":53606,"href":"https:\/\/freie-schule.info\/home\/wp-json\/wp\/v2\/pages\/51517\/revisions\/53606"}],"wp:attachment":[{"href":"https:\/\/freie-schule.info\/home\/wp-json\/wp\/v2\/media?parent=51517"}],"curies":[{"name":"wp","href":"https:\/\/api.w.org\/{rel}","templated":true}]}}