{"id":51133,"date":"2017-12-17T19:36:26","date_gmt":"2017-12-17T19:36:26","guid":{"rendered":"http:\/\/test.freie-schule.info\/?page_id=51133"},"modified":"2026-05-15T20:40:08","modified_gmt":"2026-05-15T19:40:08","slug":"malort","status":"publish","type":"page","link":"https:\/\/freie-schule.info\/home\/malort\/","title":{"rendered":"Malort"},"content":{"rendered":"<div class=\"et_d4_element et_pb_section et_pb_section_0 et_pb_with_background  et_pb_css_mix_blend_mode et_section_regular et_block_section\" >\n\t\t\t\t\n\t\t\t\t\n\t\t\t\t\n\t\t\t\t\n\t\t\t\t\n\t\t\t\t\n\t\t\t\t<div class=\"et_d4_element et_pb_row et_pb_row_0  et_pb_css_mix_blend_mode et_block_row\">\n\t\t\t\t<div class=\"et_d4_element et_pb_column_4_4 et_pb_column et_pb_column_0  et_pb_css_mix_blend_mode et-last-child et_block_column\">\n\t\t\t\t\n\t\t\t\t\n\t\t\t\t\n\t\t\t\t\n\t\t\t\t<div class=\"et_pb_module et_d4_element et_pb_slider et_pb_slider_0 et_pb_slider_fullwidth_off\">\n\t\t\t\t<div class=\"et_pb_slides\">\n\t\t\t\t\t<div class=\"et_d4_element et_pb_slide et_pb_slide_0  et_pb_css_mix_blend_mode et_pb_bg_layout_dark et_pb_media_alignment_center et-pb-active-slide\" data-slide-id=\"et_pb_slide_0\">\n\t\t\t\t\n\t\t\t\t\n\t\t\t\t<div class=\"et_pb_container clearfix\">\n\t\t\t\t\t<div class=\"et_pb_slider_container_inner\">\n\t\t\t\t\t\t\n\t\t\t\t\t\t<div class=\"et_pb_slide_description\">\n\t\t\t\t\t\t\t<h2 class=\"et_pb_slide_title\"><a href=\"https:\/\/malort-ibb.de\">Erlebe das Malspiel nach Arno Stern<\/a><\/h2><div class=\"et_pb_slide_content\"><p>Seit November 2017 haben wir einen Malort in der Schule!<\/p>\n<p>Alle Sch\u00fclerInnen und Sch\u00fcler k\u00f6nnen dort das Malspiel nach Arno Stern erleben. Der Malort ist auch f\u00fcr gro\u00dfe und kleine Geschwister und alle anderen Interessierten offen.<\/p>\n<p>&nbsp;<\/p><\/div>\n\t\t\t\t\t\t\t<div class=\"et_pb_button_wrapper\"><a class=\"et_pb_button et_pb_more_button\" href=\"https:\/\/malort-ibb.de\">Zur Anmeldung und mehr Information<\/a><\/div>\n\t\t\t\t\t\t<\/div>\n\t\t\t\t\t<\/div>\n\t\t\t\t<\/div>\n\t\t\t\t\n\t\t\t\t\n\t\t\t\t\n\t\t\t<\/div>\n\t\t\t\n\t\t\t\t<\/div>\n\t\t\t\t\n\t\t\t<\/div>\n\t\t\t\n\t\t\t<\/div>\n\t\t\t\t\n\t\t\t\t\n\t\t\t\t\n\t\t\t\t\n\t\t\t<\/div>\n\t\t\t\t\n\t\t\t\t\n\t\t\t<\/div>\n","protected":false},"excerpt":{"rendered":"","protected":false},"author":1,"featured_media":51134,"parent":0,"menu_order":0,"comment_status":"closed","ping_status":"closed","template":"","meta":{"_et_pb_use_builder":"on","_et_pb_old_content":"<p>Seit November 2017 haben wir einen Malort in der Schule! Alle Sch\u00fclerInnen und Sch\u00fcler k\u00f6nnen dort das Malspiel nach Arno Stern erleben. Der Malort ist auch f\u00fcr gro\u00dfe und kleine Geschwister und alle anderen Interessierten offen.<\/p><p>Zur Anmeldung und mehr Informationen geht es <a href=\"https:\/\/malort-ibb.de\">hier<\/a>.<\/p><p>\u00a0<\/p>","_et_gb_content_width":"","footnotes":""},"class_list":["post-51133","page","type-page","status-publish","has-post-thumbnail","hentry"],"_links":{"self":[{"href":"https:\/\/freie-schule.info\/home\/wp-json\/wp\/v2\/pages\/51133","targetHints":{"allow":["GET"]}}],"collection":[{"href":"https:\/\/freie-schule.info\/home\/wp-json\/wp\/v2\/pages"}],"about":[{"href":"https:\/\/freie-schule.info\/home\/wp-json\/wp\/v2\/types\/page"}],"author":[{"embeddable":true,"href":"https:\/\/freie-schule.info\/home\/wp-json\/wp\/v2\/users\/1"}],"replies":[{"embeddable":true,"href":"https:\/\/freie-schule.info\/home\/wp-json\/wp\/v2\/comments?post=51133"}],"version-history":[{"count":2,"href":"https:\/\/freie-schule.info\/home\/wp-json\/wp\/v2\/pages\/51133\/revisions"}],"predecessor-version":[{"id":53775,"href":"https:\/\/freie-schule.info\/home\/wp-json\/wp\/v2\/pages\/51133\/revisions\/53775"}],"wp:featuredmedia":[{"embeddable":true,"href":"https:\/\/freie-schule.info\/home\/wp-json\/wp\/v2\/media\/51134"}],"wp:attachment":[{"href":"https:\/\/freie-schule.info\/home\/wp-json\/wp\/v2\/media?parent=51133"}],"curies":[{"name":"wp","href":"https:\/\/api.w.org\/{rel}","templated":true}]}}