{"id":51107,"date":"2017-12-14T20:28:23","date_gmt":"2017-12-14T20:28:23","guid":{"rendered":"http:\/\/test.freie-schule.info\/?page_id=51107"},"modified":"2026-05-15T20:40:08","modified_gmt":"2026-05-15T19:40:08","slug":"start02","status":"publish","type":"page","link":"https:\/\/freie-schule.info\/home\/","title":{"rendered":"home"},"content":{"rendered":"<p><div class=\"et_d4_element et_pb_section et_pb_section_1 et_animated et_pb_section_parallax et_pb_with_background  et_pb_css_mix_blend_mode et_section_regular et_block_section\" >\n\t\t\t\t\n\t\t\t\t<span class=\"et_parallax_bg_wrap et-pb-parallax-wrapper\"><span\n\t\t\t\t\t\tclass=\"et_parallax_bg et_parallax_bg--et_pb_section_1\"\n\t\t\t\t\t\tstyle=\"background-image: url(https:\/\/bunny-wp-pullzone-sh9lh7f3d8.b-cdn.net\/wp-content\/uploads\/2017\/12\/IMG_2715-e1514383102188.jpg);\"\n\t\t\t\t\t><\/span><span\n\t\t\t\t\t\tclass=\"et_parallax_gradient\"\n\t\t\t\t\t\tstyle=\"background-image: linear-gradient( , rgba(43,135,218,0.9) 0%, rgba(41,196,169,0.77) 100% );\"\n\t\t\t\t\t><\/span><\/span>\n\t\t\t\t\n\t\t\t\t\n\t\t\t\t\n\t\t\t\t\n\t\t\t\t<div class=\"et_d4_element et_pb_row et_pb_row_0  et_pb_css_mix_blend_mode et_block_row\">\n\t\t\t\t<div class=\"et_d4_element et_pb_column_4_4 et_pb_column et_pb_column_0  et_pb_css_mix_blend_mode et-last-child et_block_column\">\n\t\t\t\t\n\t\t\t\t\n\t\t\t\t\n\t\t\t\t\n\t\t\t\t<div class=\"et_pb_module et_d4_element et_pb_text et_pb_text_0  et_pb_text_align_center et_pb_bg_layout_dark\">\n\t\t\t\t\n\t\t\t\t\n\t\t\t\t\n\t\t\t\t\n\t\t\t\t<div class=\"et_pb_text_inner\"><h1><span style=\"font-family: inherit;\">Herzlich willkommen bei der Freien Schule Tecklenburger Land!<\/span><\/h1><\/div>\n\t\t\t<\/div>\n\t\t\t<\/div>\n\t\t\t\t\n\t\t\t\t\n\t\t\t\t\n\t\t\t\t\n\t\t\t<\/div>\n\t\t\t\t\n\t\t\t\t\n\t\t\t<\/div><div class=\"et_d4_element et_pb_section et_pb_section_3  et_pb_css_mix_blend_mode et_section_regular et_block_section\" >\n\t\t\t\t\n\t\t\t\t\n\t\t\t\t\n\t\t\t\t\n\t\t\t\t\n\t\t\t\t\n\t\t\t\t<div class=\"et_d4_element et_pb_row et_pb_row_1 et_pb_row_fullwidth et_pb_gutters1  et_pb_css_mix_blend_mode et_block_row\">\n\t\t\t\t<div class=\"et_d4_element et_pb_column_1_2 et_pb_column et_pb_column_1  et_pb_css_mix_blend_mode et_block_column et_pb_column_empty\">\n\t\t\t\t\n\t\t\t\t\n\t\t\t\t\n\t\t\t\t\n\t\t\t\t\n\t\t\t<\/div><div class=\"et_d4_element et_pb_column_1_2 et_pb_column et_pb_column_2  et_pb_css_mix_blend_mode et-last-child et_block_column\">\n\t\t\t\t\n\t\t\t\t\n\t\t\t\t\n\t\t\t\t\n\t\t\t\t<div class=\"et_pb_module et_d4_element et_pb_text et_pb_text_1 et_animated  et_pb_text_align_left et_pb_bg_layout_dark\">\n\t\t\t\t\n\t\t\t\t\n\t\t\t\t\n\t\t\t\t\n\t\t\t\t<div class=\"et_pb_text_inner\"><h1>Unsere Grundannahmen zum Lernen<\/h1><\/div>\n\t\t\t<\/div><div class=\"et_pb_module et_d4_element et_pb_divider et_pb_divider_0 et_pb_divider_position_center et_pb_space\"><div class=\"et_pb_divider_internal\"><\/div><\/div><div class=\"et_pb_module et_d4_element et_pb_text et_pb_text_2 et_animated  et_pb_text_align_left et_pb_bg_layout_light\">\n\t\t\t\t\n\t\t\t\t\n\t\t\t\t\n\t\t\t\t\n\t\t\t\t<div class=\"et_pb_text_inner\"><ul>\n<li><span style=\"font-size: medium;\">Kinder sind von Natur aus neugierig und wollen lernen. Sie wollen in der Welt zurechtkommen.<\/span><\/li>\n<li><span style=\"font-size: medium;\">Lernen findet immer und \u00fcberall statt, es ist ein aktiver Prozess.<\/span><\/li>\n<li><span style=\"font-size: medium;\">Freude und Vertrauen ist die Grundlage effektiven und nachhaltigen Lernens.<\/span><\/li>\n<\/ul><\/div>\n\t\t\t<\/div>\n\t\t\t<\/div>\n\t\t\t\t\n\t\t\t\t\n\t\t\t\t\n\t\t\t\t\n\t\t\t<\/div>\n\t\t\t\t\n\t\t\t\t\n\t\t\t<\/div><div class=\"et_d4_element et_pb_section et_pb_section_4  et_pb_css_mix_blend_mode et_section_regular et_block_section\" >\n\t\t\t\t\n\t\t\t\t\n\t\t\t\t\n\t\t\t\t\n\t\t\t\t\n\t\t\t\t\n\t\t\t\t<div class=\"et_d4_element et_pb_row et_pb_row_2 et_pb_row_fullwidth et_pb_equal_columns et_pb_gutters1  et_pb_css_mix_blend_mode et_block_row\">\n\t\t\t\t<div class=\"et_d4_element et_pb_column_1_2 et_pb_column et_pb_column_3  et_pb_css_mix_blend_mode et_block_column\">\n\t\t\t\t\n\t\t\t\t\n\t\t\t\t\n\t\t\t\t\n\t\t\t\t<div class=\"et_pb_module et_d4_element et_pb_text et_pb_text_3 et_animated  et_pb_text_align_left et_pb_bg_layout_light\">\n\t\t\t\t\n\t\t\t\t\n\t\t\t\t\n\t\t\t\t\n\t\t\t\t<div class=\"et_pb_text_inner\"><h2>Die Lernfreiheit an der FSTL<\/h2><\/div>\n\t\t\t<\/div><div class=\"et_pb_module et_d4_element et_pb_divider et_pb_divider_1 et_pb_divider_position_center et_pb_space\"><div class=\"et_pb_divider_internal\"><\/div><\/div><div class=\"et_pb_module et_d4_element et_pb_text et_pb_text_4 et_animated  et_pb_text_align_left et_pb_bg_layout_light\">\n\t\t\t\t\n\t\t\t\t\n\t\t\t\t\n\t\t\t\t\n\t\t\t\t<div class=\"et_pb_text_inner\"><ul>\n<li>Sch\u00fcler*innen werden dabei unterst\u00fctzt, ihre eigenen Ziele zu erreichen \u2013 nicht die Ziele der Eltern.<\/li>\n<li>Unsere Sch\u00fcler*innen entscheiden ma\u00dfgeblich mit, was, wann und wie sie lernen.<\/li>\n<li>Individuelle Lernprozesse werden respektiert.<\/li>\n<li>Die Inhalte der amtlichen Lehrpl\u00e4ne NRW werden den Sch\u00fcler*innen wiederholt angeboten. Die LernbegleiterInnen dokumentieren den Erwerb der Kompetenzen und beraten die Sch\u00fclerInnen \u00fcber den weiteren Weg.<\/li>\n<li>Sch\u00fcler*innen d\u00fcrfen sich in ihrem Tempo entwickeln, sie werden nicht miteinander verglichen.<\/li>\n<li>Wir unterst\u00fctzen unsere Sch\u00fcler*innen auf ihrem Weg zum Schulabschluss einschlie\u00dflich der zentralen Abschlusspr\u00fcfungen.<\/li>\n<\/ul><\/div>\n\t\t\t<\/div>\n\t\t\t<\/div><div class=\"et_d4_element et_pb_column_1_2 et_pb_column et_pb_column_4  et_pb_css_mix_blend_mode et-last-child et_block_column\">\n\t\t\t\t\n\t\t\t\t\n\t\t\t\t\n\t\t\t\t\n\t\t\t\t<div class=\"et_pb_module et_d4_element et_pb_divider_2 et_pb_space et_pb_divider_hidden\"><div class=\"et_pb_divider_internal\"><\/div><\/div>\n\t\t\t<\/div>\n\t\t\t\t\n\t\t\t\t\n\t\t\t\t\n\t\t\t\t\n\t\t\t<\/div>\n\t\t\t\t\n\t\t\t\t\n\t\t\t<\/div><div class=\"et_d4_element et_pb_section et_pb_section_5 et_pb_with_background  et_pb_css_mix_blend_mode et_section_regular et_block_section\" >\n\t\t\t\t\n\t\t\t\t\n\t\t\t\t\n\t\t\t\t\n\t\t\t\t\n\t\t\t\t\n\t\t\t\t<div class=\"et_d4_element et_pb_row et_pb_row_3 et_pb_row_fullwidth et_pb_gutters1  et_pb_css_mix_blend_mode et_block_row\">\n\t\t\t\t<div class=\"et_d4_element et_pb_column_1_2 et_pb_column et_pb_column_5  et_pb_css_mix_blend_mode et_block_column\">\n\t\t\t\t\n\t\t\t\t\n\t\t\t\t\n\t\t\t\t\n\t\t\t\t<div class=\"et_pb_module et_d4_element et_pb_divider_3 et_pb_space et_pb_divider_hidden\"><div class=\"et_pb_divider_internal\"><\/div><\/div>\n\t\t\t<\/div><div class=\"et_d4_element et_pb_column_1_2 et_pb_column et_pb_column_6  et_pb_css_mix_blend_mode et-last-child et_block_column\">\n\t\t\t\t\n\t\t\t\t\n\t\t\t\t\n\t\t\t\t\n\t\t\t\t<div class=\"et_pb_module et_d4_element et_pb_text et_pb_text_5 et_animated  et_pb_text_align_left et_pb_bg_layout_dark\">\n\t\t\t\t\n\t\t\t\t\n\t\t\t\t\n\t\t\t\t\n\t\t\t\t<div class=\"et_pb_text_inner\"><h1>Lernformen<\/h1><\/div>\n\t\t\t<\/div><div class=\"et_pb_module et_d4_element et_pb_divider et_pb_divider_4 et_pb_divider_position_center et_pb_space\"><div class=\"et_pb_divider_internal\"><\/div><\/div><div class=\"et_pb_module et_d4_element et_pb_text et_pb_text_6 et_animated  et_pb_text_align_left et_pb_bg_layout_light\">\n\t\t\t\t\n\t\t\t\t\n\t\t\t\t\n\t\t\t\t\n\t\t\t\t<div class=\"et_pb_text_inner\"><ul>\n<li>Freiarbeit: Sch\u00fcler*innen k\u00f6nnen sich mit den Themen\/Inhalten\/T\u00e4tigkeiten besch\u00e4ftigen, die ihnen wichtig sind.<\/li>\n<li>Vernetzter Unterricht: Themen werden in vierw\u00f6chentlichen Epochen f\u00e4cher\u00fcbergreifend beleuchtet.<\/li>\n<li>Spiele<\/li>\n<li>Fachangebote in den Haupt- und teilweise auch den Nebenf\u00e4chern<\/li>\n<li>Ausfl\u00fcge<\/li>\n<li>Arbeitsgemeinschaften und offene Angebote<\/li>\n<\/ul><\/div>\n\t\t\t<\/div>\n\t\t\t<\/div>\n\t\t\t\t\n\t\t\t\t\n\t\t\t\t\n\t\t\t\t\n\t\t\t<\/div>\n\t\t\t\t\n\t\t\t\t\n\t\t\t<\/div><div class=\"et_d4_element et_pb_section et_pb_section_6 et_pb_with_background  et_pb_css_mix_blend_mode et_section_regular et_block_section\" >\n\t\t\t\t\n\t\t\t\t\n\t\t\t\t\n\t\t\t\t\n\t\t\t\t\n\t\t\t\t\n\t\t\t\t<div class=\"et_d4_element et_pb_row et_pb_row_4 et_pb_row_fullwidth et_pb_equal_columns et_pb_gutters1  et_pb_css_mix_blend_mode et_block_row\">\n\t\t\t\t<div class=\"et_d4_element et_pb_column_1_2 et_pb_column et_pb_column_7  et_pb_css_mix_blend_mode et_block_column\">\n\t\t\t\t\n\t\t\t\t\n\t\t\t\t\n\t\t\t\t\n\t\t\t\t<div class=\"et_pb_module et_d4_element et_pb_text et_pb_text_7 et_animated  et_pb_text_align_left et_pb_bg_layout_light\">\n\t\t\t\t\n\t\t\t\t\n\t\t\t\t\n\t\t\t\t\n\t\t\t\t<div class=\"et_pb_text_inner\"><h1>Eckdaten<\/h1><\/div>\n\t\t\t<\/div><div class=\"et_pb_module et_d4_element et_pb_divider et_pb_divider_5 et_pb_divider_position_center et_pb_space\"><div class=\"et_pb_divider_internal\"><\/div><\/div><div class=\"et_pb_module et_d4_element et_pb_text et_pb_text_8 et_animated  et_pb_text_align_left et_pb_bg_layout_light\">\n\t\t\t\t\n\t\t\t\t\n\t\t\t\t\n\t\t\t\t\n\t\t\t\t<div class=\"et_pb_text_inner\"><ul>\n<li>stadtnah, mit guter Verkehrsanbindung an Bahnhof und Autobahn<\/li>\n<li>Aasee, Kletterwald und Schwimmbad fu\u00dfl\u00e4ufig<\/li>\n<li>eigenes Wald- und Wiesengrundst\u00fcck<\/li>\n<li>famili\u00e4re Atmosph\u00e4re<\/li>\n<li>eigene Kreativ- und Bewegungshalle<\/li>\n<li>Wir arbeiten inklusiv, das hei\u00dft, dass alle Sch\u00fclerinnen und Sch\u00fcler, ob hochbegabt oder lernschwach, ob mit oder ohne Behinderung bei uns willkommen sind<\/li>\n<li>gro\u00dfer Naturwissenschaftsbereich<\/li>\n<li>jahrgangs\u00fcbergreifende Lernarrangements<\/li>\n<li>abwechslungsreiches und selbstgekochtes Mittagessen<\/li>\n<li>demokratische Strukturen<\/li>\n<\/ul><\/div>\n\t\t\t<\/div>\n\t\t\t<\/div><div class=\"et_d4_element et_pb_column_1_2 et_pb_column et_pb_column_8  et_pb_css_mix_blend_mode et-last-child et_block_column\">\n\t\t\t\t\n\t\t\t\t\n\t\t\t\t\n\t\t\t\t\n\t\t\t\t<div class=\"et_pb_module et_d4_element et_pb_divider_6 et_pb_space et_pb_divider_hidden\"><div class=\"et_pb_divider_internal\"><\/div><\/div>\n\t\t\t<\/div>\n\t\t\t\t\n\t\t\t\t\n\t\t\t\t\n\t\t\t\t\n\t\t\t<\/div>\n\t\t\t\t\n\t\t\t\t\n\t\t\t<\/div><div class=\"et_d4_element et_pb_section et_pb_section_7  et_pb_css_mix_blend_mode et_pb_fullwidth_section et_section_regular et_block_section\" >\n\t\t\t\t\n\t\t\t\t\n\t\t\t\t\n\t\t\t\t\n\t\t\t\t\n\t\t\t\t\n\t\t\t\t<section class=\"et_pb_module et_d4_element et_pb_fullwidth_header et_pb_fullwidth_header_0 et_animated et_hover_enabled et_pb_section_parallax  et_pb_css_mix_blend_mode et_pb_text_align_center et_pb_bg_layout_light et_pb_fullscreen\">\n\t\t\t\t<span class=\"et_parallax_bg_wrap et-pb-parallax-wrapper\"><span\n\t\t\t\t\t\tclass=\"et_parallax_bg et_parallax_bg--et_pb_fullwidth_header_0\"\n\t\t\t\t\t\tstyle=\"background-image: url(https:\/\/bunny-wp-pullzone-sh9lh7f3d8.b-cdn.net\/wp-content\/uploads\/2018\/01\/fstl_13_549_HD.jpg);\"\n\t\t\t\t\t><\/span><\/span>\n\t\t\t\t\n\t\t\t\t\n\t\t\t\t\n\t\t\t\t<div class=\"et_pb_fullwidth_header_container center\">\n\t\t\t\t\t<div class=\"header-content-container center\">\n\t\t\t\t\t<div class=\"header-content\">\n\t\t\t\t\t\t\n\t\t\t\t\t\t<h2 class=\"et_pb_module_header\">Lernen. Leben. Wertsch\u00e4tzen.<\/h2>\n\t\t\t\t\t\t\n\t\t\t\t\t\t<div class=\"et_pb_header_content_wrapper\"><\/div>\n\t\t\t\t\t\t<a class=\"et_pb_button et_pb_more_button et_pb_button_one\" href=\"\/kontakt\">Schreiben sie uns<\/a>\n\t\t\t\t\t<\/div>\n\t\t\t\t<\/div>\n\t\t\t\t\t\n\t\t\t\t<\/div>\n\t\t\t\t<div class=\"et_pb_fullwidth_header_overlay\"><\/div>\n\t\t\t\t<div class=\"et_pb_fullwidth_header_scroll\"><\/div>\n\t\t\t<\/section>\n\t\t\t\t\n\t\t\t\t\n\t\t\t<\/div><\/p>\n","protected":false},"excerpt":{"rendered":"","protected":false},"author":1,"featured_media":0,"parent":0,"menu_order":0,"comment_status":"closed","ping_status":"closed","template":"","meta":{"_et_pb_use_builder":"on","_et_pb_old_content":"","_et_gb_content_width":"","footnotes":""},"class_list":["post-51107","page","type-page","status-publish","hentry"],"_links":{"self":[{"href":"https:\/\/freie-schule.info\/home\/wp-json\/wp\/v2\/pages\/51107","targetHints":{"allow":["GET"]}}],"collection":[{"href":"https:\/\/freie-schule.info\/home\/wp-json\/wp\/v2\/pages"}],"about":[{"href":"https:\/\/freie-schule.info\/home\/wp-json\/wp\/v2\/types\/page"}],"author":[{"embeddable":true,"href":"https:\/\/freie-schule.info\/home\/wp-json\/wp\/v2\/users\/1"}],"replies":[{"embeddable":true,"href":"https:\/\/freie-schule.info\/home\/wp-json\/wp\/v2\/comments?post=51107"}],"version-history":[{"count":79,"href":"https:\/\/freie-schule.info\/home\/wp-json\/wp\/v2\/pages\/51107\/revisions"}],"predecessor-version":[{"id":53776,"href":"https:\/\/freie-schule.info\/home\/wp-json\/wp\/v2\/pages\/51107\/revisions\/53776"}],"wp:attachment":[{"href":"https:\/\/freie-schule.info\/home\/wp-json\/wp\/v2\/media?parent=51107"}],"curies":[{"name":"wp","href":"https:\/\/api.w.org\/{rel}","templated":true}]}}