{"id":50,"date":"2017-11-30T11:06:15","date_gmt":"2017-11-30T11:06:15","guid":{"rendered":"http:\/\/test.freie-schule.info\/?page_id=50"},"modified":"2026-05-15T20:40:09","modified_gmt":"2026-05-15T19:40:09","slug":"kontakt","status":"publish","type":"page","link":"https:\/\/freie-schule.info\/home\/kontakt\/","title":{"rendered":"Kontakt"},"content":{"rendered":"<div class=\"et_d4_element et_pb_section et_pb_section_0 et_pb_with_background  et_pb_css_mix_blend_mode et_section_regular et_block_section\" >\n\t\t\t\t\n\t\t\t\t\n\t\t\t\t\n\t\t\t\t\n\t\t\t\t\n\t\t\t\t\n\t\t\t\t<div class=\"et_d4_element et_pb_row et_pb_row_0  et_pb_css_mix_blend_mode et_block_row\">\n\t\t\t\t<div class=\"et_d4_element et_pb_column_1_2 et_pb_column et_pb_column_0  et_pb_css_mix_blend_mode et_block_column\">\n\t\t\t\t\n\t\t\t\t\n\t\t\t\t\n\t\t\t\t\n\t\t\t\t<div class=\"et_pb_module et_d4_element et_pb_blurb et_pb_blurb_0  et_pb_text_align_left  et_pb_blurb_position_top et_block_module et_pb_bg_layout_light\">\n\t\t\t\t\n\t\t\t\t\n\t\t\t\t\n\t\t\t\t\n\t\t\t\t<div class=\"et_pb_blurb_content\">\n\t\t\t\t\t\n\t\t\t\t\t<div class=\"et_pb_blurb_container\">\n\t\t\t\t\t\t\n\t\t\t\t\t\t<div class=\"et_pb_blurb_description\"><p style=\"text-align: left;\"><strong>Freie Schule Tecklenburger Land<\/strong><\/p>\n<p>Wilhelmstra\u00dfe 243<\/p>\n<p>49479 Ibbenb\u00fcren<\/p>\n<p>0 54 51\/54 29 150<\/p>\n<p>www.freie-schule.info<\/p>\n<p><strong><a href=\"javascript:secureDecryptAndNavigate('Q7mVngutIgEWeYo7b1mWO6sxGgmRk+Xq8jJrruWYsOfy8+jodd3fttGtPi2BQfkLbup0LsYwVxWnOFl8f2HOCntpwUo5xjQJ3uEKWCn4pstlatW\/', 'fb3f936b288a1c930ad8e97437943aa0daeccdb0db3b6aa93c0b9c9189e60b1d')\">E-Mail<\/a><\/strong><\/p>\n<p><strong>\u00d6ffnungszeiten des Sekretariats au\u00dferhalb der Ferien (und Erreichbarkeit der Schule): t\u00e4glich 7:30-13:00 Uhr, in den Ferien kann diese Zeit nicht garantiert werden.<br \/><\/strong><\/p><\/div>\n\t\t\t\t\t<\/div>\n\t\t\t\t<\/div>\n\t\t\t<\/div>\n\t\t\t<\/div><div class=\"et_d4_element et_pb_column_1_2 et_pb_column et_pb_column_1  et_pb_css_mix_blend_mode et-last-child et_block_column et_pb_column_empty\">\n\t\t\t\t\n\t\t\t\t\n\t\t\t\t\n\t\t\t\t\n\t\t\t\t\n\t\t\t<\/div>\n\t\t\t\t\n\t\t\t\t\n\t\t\t\t\n\t\t\t\t\n\t\t\t<\/div><div class=\"et_d4_element et_pb_row et_pb_row_1  et_pb_css_mix_blend_mode et_block_row\">\n\t\t\t\t<div class=\"et_d4_element et_pb_column_4_4 et_pb_column et_pb_column_2  et_pb_css_mix_blend_mode et-last-child et_block_column\">\n\t\t\t\t\n\t\t\t\t\n\t\t\t\t\n\t\t\t\t\n\t\t\t\t<div class=\"et_pb_module et_d4_element et_pb_map_0 et_animated  et_pb_css_mix_blend_mode et_pb_map_container\">\n\t\t\t\t\n\t\t\t\t\n\t\t\t\t\n\t\t\t\t\n\t\t\t\t<div class=\"et_pb_map\" data-center-lat=\"52.2697855\" data-center-lng=\"7.7426212\" data-zoom=\"17\" data-mouse-wheel=\"on\" data-mobile-dragging=\"on\"><\/div>\n\t\t\t\t<div class=\"et_pb_map_pin\" data-lat=\"52.2697855\" data-lng=\"7.7426212000000305\" data-title=\"Freie Schule Tecklenburger Land\">\n\t\t\t\t<h3 style=\"margin-top:10px\">Freie Schule Tecklenburger Land<\/h3>\n\t\t\t\t<div class=\"infowindow\">Ibbenb\u00fcren, Wilhemsstra\u00dfe 243<\/div>\n\t\t\t<\/div>\n\t\t\t<\/div>\n\t\t\t<\/div>\n\t\t\t\t\n\t\t\t\t\n\t\t\t\t\n\t\t\t\t\n\t\t\t<\/div>\n\t\t\t\t\n\t\t\t\t\n\t\t\t<\/div>\n","protected":false},"excerpt":{"rendered":"","protected":false},"author":1,"featured_media":0,"parent":0,"menu_order":0,"comment_status":"closed","ping_status":"closed","template":"","meta":{"_et_pb_use_builder":"on","_et_pb_old_content":"","_et_gb_content_width":"","footnotes":""},"class_list":["post-50","page","type-page","status-publish","hentry"],"_links":{"self":[{"href":"https:\/\/freie-schule.info\/home\/wp-json\/wp\/v2\/pages\/50","targetHints":{"allow":["GET"]}}],"collection":[{"href":"https:\/\/freie-schule.info\/home\/wp-json\/wp\/v2\/pages"}],"about":[{"href":"https:\/\/freie-schule.info\/home\/wp-json\/wp\/v2\/types\/page"}],"author":[{"embeddable":true,"href":"https:\/\/freie-schule.info\/home\/wp-json\/wp\/v2\/users\/1"}],"replies":[{"embeddable":true,"href":"https:\/\/freie-schule.info\/home\/wp-json\/wp\/v2\/comments?post=50"}],"version-history":[{"count":6,"href":"https:\/\/freie-schule.info\/home\/wp-json\/wp\/v2\/pages\/50\/revisions"}],"predecessor-version":[{"id":53781,"href":"https:\/\/freie-schule.info\/home\/wp-json\/wp\/v2\/pages\/50\/revisions\/53781"}],"wp:attachment":[{"href":"https:\/\/freie-schule.info\/home\/wp-json\/wp\/v2\/media?parent=50"}],"curies":[{"name":"wp","href":"https:\/\/api.w.org\/{rel}","templated":true}]}}